{"id":196,"date":"2023-09-09T19:12:56","date_gmt":"2023-09-09T17:12:56","guid":{"rendered":"https:\/\/karinecottin.com\/?page_id=196"},"modified":"2023-09-19T22:12:45","modified_gmt":"2023-09-19T20:12:45","slug":"offer","status":"publish","type":"page","link":"https:\/\/karinecottin.com\/index.php\/offer\/","title":{"rendered":"Offer"},"content":{"rendered":"<div class=\"fusion-fullwidth fullwidth-box fusion-builder-row-1 fusion-flex-container has-pattern-background has-mask-background hundred-percent-fullwidth non-hundred-percent-height-scrolling\" style=\"--link_color: var(--awb-custom_color_1);--awb-border-radius-top-left:0px;--awb-border-radius-top-right:0px;--awb-border-radius-bottom-right:0px;--awb-border-radius-bottom-left:0px;--awb-background-color:var(--awb-custom_color_1);--awb-flex-wrap:wrap;\" ><div class=\"fusion-builder-row fusion-row fusion-flex-align-items-flex-start fusion-flex-justify-content-center fusion-flex-content-wrap\" style=\"width:calc( 100% + 0px ) !important;max-width:calc( 100% + 0px ) !important;margin-left: calc(-0px \/ 2 );margin-right: calc(-0px \/ 2 );\"><div class=\"fusion-layout-column fusion_builder_column fusion-builder-column-0 fusion_builder_column_1_4 1_4 fusion-flex-column\" style=\"--awb-bg-size:cover;--awb-width-large:25%;--awb-margin-top-large:0px;--awb-spacing-right-large:0;--awb-margin-bottom-large:20px;--awb-spacing-left-large:0;--awb-width-medium:100%;--awb-order-medium:0;--awb-spacing-right-medium:0;--awb-spacing-left-medium:0;--awb-width-small:100%;--awb-order-small:0;--awb-spacing-right-small:0;--awb-spacing-left-small:0;\"><div class=\"fusion-column-wrapper fusion-column-has-shadow fusion-flex-justify-content-flex-start fusion-content-layout-column\"><div class=\"fusion-text fusion-text-1 fusion-animated\" style=\"--awb-font-size:30px;--awb-text-color:var(--awb-color4);--awb-margin-top:60px;--awb-margin-right:20px;--awb-margin-left:20px;--awb-text-font-family:&quot;gelica&quot;;--awb-text-font-style:italic;--awb-text-font-weight:400;\" data-animationType=\"fadeInDown\" data-animationDuration=\"1.0\" data-animationOffset=\"top-into-view\"><p style=\"text-align: left;\">\u00ab\u00a0Faire donne envie de faire encore et &nbsp;de faire avec les autres\u00a0\u00bb<\/p>\n<\/div><div class=\"fusion-text fusion-text-2 fusion-animated\" style=\"--awb-font-size:15px;--awb-line-height:0;--awb-text-color:#ffffff;--awb-margin-top:30px;--awb-margin-right:30px;--awb-margin-left:30px;--awb-text-font-family:&quot;omnes-semicond&quot;;--awb-text-font-style:normal;--awb-text-font-weight:400;\" data-animationType=\"fadeInDown\" data-animationDuration=\"1.1\" data-animationOffset=\"top-into-view\"><p style=\"text-align: right;\">Cynthia Fleury<\/p>\n<p style=\"text-align: right;\"><em>\u00ab\u00a0Le soin est un humanisme\u00a0\u00bb<\/em><\/p>\n<\/div><\/div><\/div><div class=\"fusion-layout-column fusion_builder_column fusion-builder-column-1 fusion_builder_column_1_2 1_2 fusion-flex-column\" style=\"--awb-padding-right-medium:30px;--awb-padding-left-medium:30px;--awb-padding-right-small:30px;--awb-padding-left-small:30px;--awb-bg-size:cover;--awb-width-large:50%;--awb-margin-top-large:0px;--awb-spacing-right-large:0;--awb-margin-bottom-large:20px;--awb-spacing-left-large:0;--awb-width-medium:100%;--awb-order-medium:0;--awb-spacing-right-medium:0;--awb-spacing-left-medium:0;--awb-width-small:100%;--awb-order-small:0;--awb-spacing-right-small:0;--awb-spacing-left-small:0;\"><div class=\"fusion-column-wrapper fusion-column-has-shadow fusion-flex-justify-content-flex-start fusion-content-layout-column\"><div class=\"fusion-text fusion-text-3 fusion-animated\" style=\"--awb-font-size:13px;--awb-text-color:var(--awb-color3);--awb-margin-top:60px;--awb-text-font-family:&quot;gelica&quot;;--awb-text-font-style:normal;--awb-text-font-weight:400;\" data-animationType=\"fadeInDown\" data-animationDuration=\"1.0\" data-animationOffset=\"top-into-view\"><p>Je peux vous accompagner au travers de missions ponctuelles sur une question \u00e0 r\u00e9soudre jusqu\u2019\u00e0 un accompagnement hebdomadaire sur plusieurs mois pour une transformation durable et un suivi aupr\u00e8s des \u00e9quipes.<\/p>\n<p>Pour chor\u00e9graphier votre mouvement vers un monde plus habitable, je m\u2019adapte \u00e0 votre posture, \u00e0 votre rythme et \u00e0 vos directions strat\u00e9giques. Avec plusieurs angles, plusieurs \u00e9tapes possibles dans l\u2019accompagnement, \u00e0 d\u00e9couvrir parmi 3 niveaux d&rsquo;accompagnement ci-apr\u00e8s ou \u00e0 \u00e9crire sur-mesure.<\/p>\n<p>Si n\u00e9cessaire et selon les \u00e9tapes du projet, je peux aussi vous proposer de collaborer avec un ou plusieurs partenaires pour capitaliser sur une synergie de diff\u00e9rents m\u00e9tiers au service de votre challenge.<\/p>\n<p>Alors, \u00e0 vos marques, pr\u00eats, partez!<span class=\"Apple-converted-space\"> <\/span><\/p>\n<\/div><\/div><\/div><div class=\"fusion-layout-column fusion_builder_column fusion-builder-column-2 fusion_builder_column_1_1 1_1 fusion-flex-column fusion-flex-align-self-flex-start\" style=\"--awb-padding-right:100px;--awb-padding-bottom:60px;--awb-padding-left:100px;--awb-bg-size:cover;--awb-width-large:100%;--awb-margin-top-large:60px;--awb-spacing-right-large:0;--awb-margin-bottom-large:00px;--awb-spacing-left-large:0;--awb-width-medium:100%;--awb-order-medium:0;--awb-spacing-right-medium:0;--awb-spacing-left-medium:0;--awb-width-small:100%;--awb-order-small:0;--awb-spacing-right-small:0;--awb-spacing-left-small:0;\"><div class=\"fusion-column-wrapper fusion-column-has-shadow fusion-flex-justify-content-flex-start fusion-content-layout-column\"><div class=\"fusion-content-boxes content-boxes columns row fusion-columns-3 fusion-columns-total-3 fusion-content-boxes-1 content-boxes-icon-on-top content-right has-flex-alignment\" style=\"--awb-backgroundcolor:var(--awb-color3);--awb-border-radius-top-left:0px;--awb-border-radius-top-right:150px;--awb-border-radius-bottom-right:0px;--awb-border-radius-bottom-left:150px;--awb-alignment:stretch;--awb-body-color:var(--awb-color6);--awb-title-color:var(--awb-custom_color_1);--awb-iconcolor:#ffffff;--awb-hover-accent-color:#204646;--awb-circle-hover-accent-color:#204646;\" data-animationOffset=\"top-into-view\"><div style=\"--awb-backgroundcolor:#f4f4f4;--awb-iconcolor:#ffffff;\" class=\"fusion-column content-box-column content-box-column content-box-column-1 col-lg-4 col-md-4 col-sm-4 fusion-content-box-hover content-box-column-first-in-row\"><div class=\"col content-box-wrapper content-wrapper-background link-area-box link-type-text content-icon-wrapper-yes icon-wrapper-hover-animation-pulsate fusion-animated\" data-link=\"https:\/\/karinecottin.com\/index.php\/marques\/\" data-link-target=\"_self\" data-animationType=\"zoomIn\" data-animationDuration=\"0.9\" data-animationOffset=\"top-into-view\"><div class=\"heading heading-with-icon icon-right\"><a class=\"heading-link\" href=\"https:\/\/karinecottin.com\/index.php\/marques\/\" target=\"_self\"><div class=\"icon\"><span style=\"height:120px;width:120px;line-height:60px;border-color:var(--awb-custom_color_1);border-width:20px;border-style:solid;background-color:var(--awb-custom_color_1);box-sizing:content-box;border-radius:50%;\"><i style=\"border-color:#408c8c;border-width:0px;background-color:var(--awb-color4);box-sizing:content-box;height:120px;width:120px;line-height:120px;border-radius:50%;position:relative;top:auto;left:auto;margin:0;border-radius:50%;font-size:60px;\" aria-hidden=\"true\" class=\"fontawesome-icon fa-spa fas circle-yes\"><\/i><\/span><\/div><h3 class=\"content-box-heading\" style=\"--h3_typography-font-size:25px;line-height:30px;\">A vos marques ! ...<\/h3><\/a><\/div><div class=\"fusion-clearfix\"><\/div><div class=\"content-container\">\n<p>La conscience en mouvement<\/p>\n<\/div><div class=\"fusion-clearfix\"><\/div><a class=\" fusion-read-more\" href=\"https:\/\/karinecottin.com\/index.php\/marques\/\" target=\"_self\">En savoir +<\/a><div class=\"fusion-clearfix\"><\/div><\/div><\/div><div style=\"--awb-backgroundcolor:#f4f4f4;--awb-iconcolor:#ffffff;\" class=\"fusion-column content-box-column content-box-column content-box-column-2 col-lg-4 col-md-4 col-sm-4 fusion-content-box-hover \"><div class=\"col content-box-wrapper content-wrapper-background link-area-box link-type-text content-icon-wrapper-yes icon-wrapper-hover-animation-pulsate fusion-animated\" data-link=\"https:\/\/karinecottin.com\/index.php\/prets\/\" data-link-target=\"_self\" data-animationType=\"zoomIn\" data-animationDuration=\"0.9\" data-animationOffset=\"top-into-view\"><div class=\"heading heading-with-icon icon-right\"><a class=\"heading-link\" href=\"https:\/\/karinecottin.com\/index.php\/prets\/\" target=\"_self\"><div class=\"icon\"><span style=\"height:120px;width:120px;line-height:60px;border-color:var(--awb-custom_color_1);border-width:20px;border-style:solid;background-color:var(--awb-custom_color_1);box-sizing:content-box;border-radius:50%;\"><i style=\"border-color:#408c8c;border-width:0px;background-color:var(--awb-color4);box-sizing:content-box;height:120px;width:120px;line-height:120px;border-radius:50%;position:relative;top:auto;left:auto;margin:0;border-radius:50%;font-size:60px;\" aria-hidden=\"true\" class=\"fontawesome-icon fa-lightbulb fas circle-yes\"><\/i><\/span><\/div><h3 class=\"content-box-heading\" style=\"--h3_typography-font-size:25px;line-height:30px;\">Pr\u00eats ? ...<\/h3><\/a><\/div><div class=\"fusion-clearfix\"><\/div><div class=\"content-container\">Un mouvement de recul pour une vision \u00e9clair\u00e9e<\/div><div class=\"fusion-clearfix\"><\/div><a class=\" fusion-read-more\" href=\"https:\/\/karinecottin.com\/index.php\/prets\/\" target=\"_self\">En savoir +<\/a><div class=\"fusion-clearfix\"><\/div><\/div><\/div><div style=\"--awb-backgroundcolor:#f4f4f4;--awb-iconcolor:#ffffff;\" class=\"fusion-column content-box-column content-box-column content-box-column-3 col-lg-4 col-md-4 col-sm-4 fusion-content-box-hover content-box-column-last content-box-column-last-in-row\"><div class=\"col content-box-wrapper content-wrapper-background link-area-box link-type-text content-icon-wrapper-yes icon-wrapper-hover-animation-pulsate fusion-animated\" data-link=\"https:\/\/karinecottin.com\/index.php\/offer_partez\/\" data-link-target=\"_self\" data-animationType=\"zoomIn\" data-animationDuration=\"0.9\" data-animationOffset=\"top-into-view\"><div class=\"heading heading-with-icon icon-right\"><a class=\"heading-link\" href=\"https:\/\/karinecottin.com\/index.php\/offer_partez\/\" target=\"_self\"><div class=\"icon\"><span style=\"height:120px;width:120px;line-height:60px;border-color:var(--awb-custom_color_1);border-width:20px;border-style:solid;background-color:var(--awb-custom_color_1);box-sizing:content-box;border-radius:50%;\"><i style=\"border-color:#408c8c;border-width:0px;background-color:var(--awb-color4);box-sizing:content-box;height:120px;width:120px;line-height:120px;border-radius:50%;position:relative;top:auto;left:auto;margin:0;border-radius:50%;font-size:60px;\" aria-hidden=\"true\" class=\"fontawesome-icon fa-running fas circle-yes\"><\/i><\/span><\/div><h3 class=\"content-box-heading\" style=\"--h3_typography-font-size:25px;line-height:30px;\">Partez ! ...<\/h3><\/a><\/div><div class=\"fusion-clearfix\"><\/div><div class=\"content-container\">\n<p>La mise en mouvement<\/p>\n<\/div><div class=\"fusion-clearfix\"><\/div><a class=\" fusion-read-more\" href=\"https:\/\/karinecottin.com\/index.php\/offer_partez\/\" target=\"_self\">En savoir +<\/a><div class=\"fusion-clearfix\"><\/div><\/div><\/div><div class=\"fusion-clearfix\"><\/div><\/div><\/div><\/div><\/div><\/div>\n","protected":false},"excerpt":{"rendered":"","protected":false},"author":1,"featured_media":0,"parent":0,"menu_order":0,"comment_status":"closed","ping_status":"closed","template":"100-width.php","meta":{"footnotes":""},"_links":{"self":[{"href":"https:\/\/karinecottin.com\/index.php\/wp-json\/wp\/v2\/pages\/196"}],"collection":[{"href":"https:\/\/karinecottin.com\/index.php\/wp-json\/wp\/v2\/pages"}],"about":[{"href":"https:\/\/karinecottin.com\/index.php\/wp-json\/wp\/v2\/types\/page"}],"author":[{"embeddable":true,"href":"https:\/\/karinecottin.com\/index.php\/wp-json\/wp\/v2\/users\/1"}],"replies":[{"embeddable":true,"href":"https:\/\/karinecottin.com\/index.php\/wp-json\/wp\/v2\/comments?post=196"}],"version-history":[{"count":27,"href":"https:\/\/karinecottin.com\/index.php\/wp-json\/wp\/v2\/pages\/196\/revisions"}],"predecessor-version":[{"id":550,"href":"https:\/\/karinecottin.com\/index.php\/wp-json\/wp\/v2\/pages\/196\/revisions\/550"}],"wp:attachment":[{"href":"https:\/\/karinecottin.com\/index.php\/wp-json\/wp\/v2\/media?parent=196"}],"curies":[{"name":"wp","href":"https:\/\/api.w.org\/{rel}","templated":true}]}}