{"id":268,"date":"2023-09-10T10:41:03","date_gmt":"2023-09-10T08:41:03","guid":{"rendered":"https:\/\/karinecottin.com\/?page_id=268"},"modified":"2023-09-19T22:12:54","modified_gmt":"2023-09-19T20:12:54","slug":"marques","status":"publish","type":"page","link":"https:\/\/karinecottin.com\/index.php\/marques\/","title":{"rendered":"Offer_marques"},"content":{"rendered":"<p><div class=\"fusion-fullwidth fullwidth-box fusion-builder-row-1 fusion-flex-container has-pattern-background has-mask-background hundred-percent-fullwidth non-hundred-percent-height-scrolling\" style=\"--awb-border-radius-top-left:0px;--awb-border-radius-top-right:0px;--awb-border-radius-bottom-right:0px;--awb-border-radius-bottom-left:0px;--awb-flex-wrap:wrap;--awb-flex-wrap-medium:wrap;--awb-flex-wrap-small:wrap;\" ><div class=\"fusion-builder-row fusion-row fusion-flex-align-items-flex-start fusion-flex-align-content-center fusion-flex-justify-content-center fusion-flex-content-wrap\" style=\"width:calc( 100% + 0px ) !important;max-width:calc( 100% + 0px ) !important;margin-left: calc(-0px \/ 2 );margin-right: calc(-0px \/ 2 );\"><div class=\"fusion-layout-column fusion_builder_column fusion-builder-column-0 fusion_builder_column_2_3 2_3 fusion-flex-column\" style=\"--awb-bg-size:cover;--awb-width-large:66.666666666667%;--awb-margin-top-large:60px;--awb-spacing-right-large:0;--awb-margin-bottom-large:20px;--awb-spacing-left-large:0;--awb-width-medium:100%;--awb-order-medium:0;--awb-spacing-right-medium:0;--awb-spacing-left-medium:0;--awb-width-small:100%;--awb-order-small:0;--awb-spacing-right-small:0;--awb-spacing-left-small:0;\"><div class=\"fusion-column-wrapper fusion-column-has-shadow fusion-flex-justify-content-flex-start fusion-content-layout-column\"><div class=\"fusion-text fusion-text-1\" style=\"--awb-font-size:30px;--awb-text-color:var(--awb-color3);--awb-margin-right:20px;--awb-margin-left:20px;--awb-text-font-family:&quot;omnes-semicond&quot;;--awb-text-font-style:normal;--awb-text-font-weight:700;\"><p data-fusion-font=\"true\">A VOS MARQUES! \u2026 LA CONSCIENCE EN MOUVEMENT<\/p>\n<\/div><div class=\"fusion-text fusion-text-2\" style=\"--awb-font-size:20px;--awb-text-color:var(--awb-color4);--awb-margin-right:20px;--awb-margin-left:20px;--awb-text-font-family:&quot;omnes-semicond&quot;;--awb-text-font-style:normal;--awb-text-font-weight:700;\"><p>ACCULTURATION &amp; SENSIBILISATION AUX ENJEUX : POURQUOI?<\/p>\n<\/div><div class=\"fusion-text fusion-text-3\" style=\"--awb-font-size:15px;--awb-line-height:1;--awb-text-color:var(--awb-color3);--awb-margin-right:20px;--awb-margin-left:20px;--awb-text-font-family:&quot;gelica&quot;;--awb-text-font-style:normal;--awb-text-font-weight:400;\"><p style=\"padding-left: 40px;\"><span style=\"color: var(--awb-text-color); font-family: var(--awb-text-font-family); font-size: var(--awb-font-size); font-style: var(--awb-text-font-style); letter-spacing: var(--awb-letter-spacing); text-align: var(--awb-content-alignment); text-transform: var(--awb-text-transform); background-color: var(--awb-bg-color-hover);\">Pr\u00e9senter les <\/span><b style=\"color: var(--awb-text-color); font-family: var(--awb-text-font-family); font-size: var(--awb-font-size); font-style: var(--awb-text-font-style); letter-spacing: var(--awb-letter-spacing); text-align: var(--awb-content-alignment); text-transform: var(--awb-text-transform);\"><span style=\"color: var(--awb-color4);\">enjeux sociaux et environnementaux<\/span> <\/b><span style=\"color: var(--awb-text-color); font-family: var(--awb-text-font-family); font-size: var(--awb-font-size); font-style: var(--awb-text-font-style); letter-spacing: var(--awb-letter-spacing); text-align: var(--awb-content-alignment); text-transform: var(--awb-text-transform); background-color: var(--awb-bg-color-hover);\">de notre si\u00e8cle, et l\u2019impact sur les m\u00e9tiers de l\u2019entreprise, avec un focus particulier sur le marketing<\/span><\/p>\n<p style=\"padding-left: 40px;\">Montrer des exemples de r\u00e9alisations, de leaders et entreprises inspirants et innovants.<\/p>\n<p style=\"padding-left: 40px;\">Acculturer et motiver vos \u00e9quipes sur leur potentiel d\u2019action.<\/p>\n<\/div><\/div><\/div><\/div><\/div><div class=\"fusion-fullwidth fullwidth-box fusion-builder-row-2 fusion-flex-container has-pattern-background has-mask-background hundred-percent-fullwidth non-hundred-percent-height-scrolling\" style=\"--awb-border-radius-top-left:0px;--awb-border-radius-top-right:0px;--awb-border-radius-bottom-right:0px;--awb-border-radius-bottom-left:0px;--awb-flex-wrap:wrap;\" ><div class=\"fusion-builder-row fusion-row fusion-flex-align-items-flex-start fusion-flex-justify-content-center fusion-flex-content-wrap\" style=\"width:calc( 100% + 0px ) !important;max-width:calc( 100% + 0px ) !important;margin-left: calc(-0px \/ 2 );margin-right: calc(-0px \/ 2 );\"><div class=\"fusion-layout-column fusion_builder_column fusion-builder-column-1 fusion-flex-column fusion-flex-align-self-flex-start\" style=\"--awb-bg-size:cover;--awb-width-large:22.22%;--awb-margin-top-large:0px;--awb-spacing-right-large:0;--awb-margin-bottom-large:20px;--awb-spacing-left-large:0;--awb-width-medium:100%;--awb-order-medium:0;--awb-spacing-right-medium:0;--awb-spacing-left-medium:0;--awb-width-small:100%;--awb-order-small:0;--awb-spacing-right-small:0;--awb-spacing-left-small:0;\"><div class=\"fusion-column-wrapper fusion-column-has-shadow fusion-flex-justify-content-center fusion-content-layout-column\"><div class=\"fusion-image-element \" style=\"--awb-aspect-ratio:1 \/ 1;--awb-caption-title-color:#ffffff;--awb-caption-title-font-family:&quot;omnes-semicond&quot;;--awb-caption-title-font-weight:700;--awb-caption-title-font-style:normal;--awb-caption-title-size:30px;--awb-caption-title-transform:var(--body_typography-text-transform);--awb-caption-title-line-height:var(--body_typography-line-height);--awb-caption-title-letter-spacing:var(--body_typography-letter-spacing);\"><span class=\" fusion-imageframe imageframe-none imageframe-1 awb-imageframe-style awb-imageframe-style-resa has-aspect-ratio\"><img decoding=\"async\" width=\"1024\" height=\"1024\" title=\"IMG_1377\" src=\"https:\/\/karinecottin.com\/wp-content\/uploads\/2023\/09\/IMG_1377-scaled.jpeg\" data-orig-src=\"https:\/\/karinecottin.com\/wp-content\/uploads\/2023\/09\/IMG_1377-1024x1024.jpeg\" class=\"lazyload img-responsive wp-image-316 img-with-aspect-ratio\" alt srcset=\"data:image\/svg+xml,%3Csvg%20xmlns%3D%27http%3A%2F%2Fwww.w3.org%2F2000%2Fsvg%27%20width%3D%272560%27%20height%3D%272560%27%20viewBox%3D%270%200%202560%202560%27%3E%3Crect%20width%3D%272560%27%20height%3D%272560%27%20fill-opacity%3D%220%22%2F%3E%3C%2Fsvg%3E\" data-srcset=\"https:\/\/karinecottin.com\/wp-content\/uploads\/2023\/09\/IMG_1377-200x200.jpeg 200w, https:\/\/karinecottin.com\/wp-content\/uploads\/2023\/09\/IMG_1377-400x400.jpeg 400w, https:\/\/karinecottin.com\/wp-content\/uploads\/2023\/09\/IMG_1377-600x600.jpeg 600w, https:\/\/karinecottin.com\/wp-content\/uploads\/2023\/09\/IMG_1377-800x800.jpeg 800w, https:\/\/karinecottin.com\/wp-content\/uploads\/2023\/09\/IMG_1377-1200x1200.jpeg 1200w\" data-sizes=\"auto\" data-orig-sizes=\"(max-width: 800px) 100vw, (max-width: 640px) 100vw, 400px\" \/><div class=\"awb-imageframe-caption-container\"><div class=\"awb-imageframe-caption\"><div class=\"awb-imageframe-caption-title\">STEP 1<\/div><\/div><\/div><\/span><\/div><\/div><\/div><div class=\"fusion-layout-column fusion_builder_column fusion-builder-column-2 fusion-flex-column fusion-flex-align-self-stretch\" style=\"--awb-bg-size:cover;--awb-width-large:44.44%;--awb-margin-top-large:0px;--awb-spacing-right-large:0;--awb-margin-bottom-large:20px;--awb-spacing-left-large:0;--awb-width-medium:100%;--awb-order-medium:0;--awb-spacing-right-medium:0;--awb-spacing-left-medium:0;--awb-width-small:100%;--awb-order-small:0;--awb-spacing-right-small:0;--awb-spacing-left-small:0;\"><div class=\"fusion-column-wrapper fusion-column-has-shadow fusion-flex-justify-content-center fusion-content-layout-column\"><div class=\"fusion-text fusion-text-4\" style=\"--awb-font-size:15px;--awb-text-color:var(--awb-color3);--awb-margin-right:20px;--awb-margin-left:20px;--awb-text-font-family:&quot;gelica&quot;;--awb-text-font-style:normal;--awb-text-font-weight:400;\"><p>&gt;<b> <\/b>Conf\u00e9rence pr\u00e9par\u00e9e pour vous et vos \u00e9quipes et pr\u00e9sent\u00e9e dans vos locaux par mes soins, premi\u00e8re \u00e9tape pour partager des connaissances, \u00e9valuer la maturit\u00e9 des collaborateurs sur les th\u00e9matiques de l\u2019impact et donner envie aux collaborateurs de s\u2019int\u00e9resser de fa\u00e7on plus approfondie aux enjeux et aux solutions,<\/p>\n<p>&gt; Recommandations de lectures \/ podcasts pour en savoir plus et cogiter : partage de ma pr\u00e9cieuse m\u00e9diath\u00e8que de l\u2019impact,<\/p>\n<\/div><\/div><\/div><\/div><\/div><div class=\"fusion-fullwidth fullwidth-box fusion-builder-row-3 fusion-flex-container has-pattern-background has-mask-background hundred-percent-fullwidth non-hundred-percent-height-scrolling\" style=\"--awb-border-radius-top-left:0px;--awb-border-radius-top-right:0px;--awb-border-radius-bottom-right:0px;--awb-border-radius-bottom-left:0px;--awb-flex-wrap:wrap;\" ><div class=\"fusion-builder-row fusion-row fusion-flex-align-items-flex-start fusion-flex-justify-content-center fusion-flex-content-wrap\" style=\"width:calc( 100% + 0px ) !important;max-width:calc( 100% + 0px ) !important;margin-left: calc(-0px \/ 2 );margin-right: calc(-0px \/ 2 );\"><div class=\"fusion-layout-column fusion_builder_column fusion-builder-column-3 fusion-flex-column fusion-flex-align-self-flex-start\" style=\"--awb-bg-size:cover;--awb-width-large:22.22%;--awb-margin-top-large:0px;--awb-spacing-right-large:0;--awb-margin-bottom-large:20px;--awb-spacing-left-large:0;--awb-width-medium:100%;--awb-order-medium:0;--awb-spacing-right-medium:0;--awb-spacing-left-medium:0;--awb-width-small:100%;--awb-order-small:0;--awb-spacing-right-small:0;--awb-spacing-left-small:0;\"><div class=\"fusion-column-wrapper fusion-column-has-shadow fusion-flex-justify-content-center fusion-content-layout-column\"><div class=\"fusion-image-element \" style=\"--awb-aspect-ratio:1 \/ 1;--awb-object-position:45% 87%;--awb-caption-title-font-family:&quot;omnes-semicond&quot;;--awb-caption-title-font-weight:700;--awb-caption-title-font-style:normal;--awb-caption-title-size:30px;--awb-caption-title-transform:var(--body_typography-text-transform);--awb-caption-title-line-height:var(--body_typography-line-height);--awb-caption-title-letter-spacing:var(--body_typography-letter-spacing);\"><span class=\" fusion-imageframe imageframe-none imageframe-2 awb-imageframe-style awb-imageframe-style-resa has-aspect-ratio\"><img decoding=\"async\" width=\"1024\" height=\"683\" title=\"IMG_6343\" src=\"https:\/\/karinecottin.com\/wp-content\/uploads\/2023\/09\/IMG_6343.jpg\" data-orig-src=\"https:\/\/karinecottin.com\/wp-content\/uploads\/2023\/09\/IMG_6343-1024x683.jpg\" class=\"lazyload img-responsive wp-image-328 img-with-aspect-ratio\" alt srcset=\"data:image\/svg+xml,%3Csvg%20xmlns%3D%27http%3A%2F%2Fwww.w3.org%2F2000%2Fsvg%27%20width%3D%271200%27%20height%3D%27800%27%20viewBox%3D%270%200%201200%20800%27%3E%3Crect%20width%3D%271200%27%20height%3D%27800%27%20fill-opacity%3D%220%22%2F%3E%3C%2Fsvg%3E\" data-srcset=\"https:\/\/karinecottin.com\/wp-content\/uploads\/2023\/09\/IMG_6343-200x133.jpg 200w, https:\/\/karinecottin.com\/wp-content\/uploads\/2023\/09\/IMG_6343-400x267.jpg 400w, https:\/\/karinecottin.com\/wp-content\/uploads\/2023\/09\/IMG_6343-600x400.jpg 600w, https:\/\/karinecottin.com\/wp-content\/uploads\/2023\/09\/IMG_6343-800x533.jpg 800w, https:\/\/karinecottin.com\/wp-content\/uploads\/2023\/09\/IMG_6343.jpg 1200w\" data-sizes=\"auto\" data-orig-sizes=\"(max-width: 800px) 100vw, (max-width: 640px) 100vw, 400px\" \/><div class=\"awb-imageframe-caption-container\"><div class=\"awb-imageframe-caption\"><div class=\"awb-imageframe-caption-title\">STEP 2<\/div><\/div><\/div><\/span><\/div><\/div><\/div><div class=\"fusion-layout-column fusion_builder_column fusion-builder-column-4 fusion-flex-column fusion-flex-align-self-stretch\" style=\"--awb-bg-size:cover;--awb-width-large:44.44%;--awb-margin-top-large:0px;--awb-spacing-right-large:0;--awb-margin-bottom-large:20px;--awb-spacing-left-large:0;--awb-width-medium:100%;--awb-order-medium:0;--awb-spacing-right-medium:0;--awb-spacing-left-medium:0;--awb-width-small:100%;--awb-order-small:0;--awb-spacing-right-small:0;--awb-spacing-left-small:0;\"><div class=\"fusion-column-wrapper fusion-column-has-shadow fusion-flex-justify-content-center fusion-content-layout-column\"><div class=\"fusion-text fusion-text-5\" style=\"--awb-font-size:15px;--awb-text-color:var(--awb-color3);--awb-margin-right:20px;--awb-margin-left:20px;--awb-text-font-family:&quot;gelica&quot;;--awb-text-font-style:normal;--awb-text-font-weight:400;\"><p>&gt; Si vous souhaitez aller plus loin, organisation d\u2019un \u00e9v\u00e9nement\/conf\u00e9rence\/rencontres avec des experts s\u00e9lectionn\u00e9s.<\/p>\n<p>Je peux vous accompagner \u00e0 la fois sur le fond, l\u2019\u00e9ditorialisation ainsi que sur la forme de l\u2019\u00e9v\u00e9nement et sur son organisation jusqu\u2019\u00e0 la mise en oeuvre et au suivi,<\/p>\n<\/div><\/div><\/div><\/div><\/div><div class=\"fusion-fullwidth fullwidth-box fusion-builder-row-4 fusion-flex-container has-pattern-background has-mask-background hundred-percent-fullwidth non-hundred-percent-height-scrolling\" style=\"--awb-border-radius-top-left:0px;--awb-border-radius-top-right:0px;--awb-border-radius-bottom-right:0px;--awb-border-radius-bottom-left:0px;--awb-flex-wrap:wrap;\" ><div class=\"fusion-builder-row fusion-row fusion-flex-align-items-flex-start fusion-flex-justify-content-center fusion-flex-content-wrap\" style=\"width:calc( 100% + 0px ) !important;max-width:calc( 100% + 0px ) !important;margin-left: calc(-0px \/ 2 );margin-right: calc(-0px \/ 2 );\"><div class=\"fusion-layout-column fusion_builder_column fusion-builder-column-5 fusion-flex-column fusion-flex-align-self-flex-start\" style=\"--awb-bg-size:cover;--awb-width-large:22.22%;--awb-margin-top-large:0px;--awb-spacing-right-large:0;--awb-margin-bottom-large:20px;--awb-spacing-left-large:0;--awb-width-medium:100%;--awb-order-medium:0;--awb-spacing-right-medium:0;--awb-spacing-left-medium:0;--awb-width-small:100%;--awb-order-small:0;--awb-spacing-right-small:0;--awb-spacing-left-small:0;\"><div class=\"fusion-column-wrapper fusion-column-has-shadow fusion-flex-justify-content-center fusion-content-layout-column\"><div class=\"fusion-image-element \" style=\"text-align:center;--awb-aspect-ratio:1 \/ 1;--awb-object-position:60% 45%;--awb-caption-title-font-family:&quot;omnes-semicond&quot;;--awb-caption-title-font-weight:700;--awb-caption-title-font-style:normal;--awb-caption-title-size:30px;--awb-caption-title-transform:var(--body_typography-text-transform);--awb-caption-title-line-height:var(--body_typography-line-height);--awb-caption-title-letter-spacing:var(--body_typography-letter-spacing);\"><span class=\" fusion-imageframe imageframe-none imageframe-3 awb-imageframe-style awb-imageframe-style-resa has-aspect-ratio\"><img decoding=\"async\" width=\"1024\" height=\"768\" title=\"IMG_6784\" src=\"https:\/\/karinecottin.com\/wp-content\/uploads\/2023\/09\/IMG_6784-1024x768.jpeg\" class=\"img-responsive wp-image-331 img-with-aspect-ratio disable-lazyload\" alt srcset=\"https:\/\/karinecottin.com\/wp-content\/uploads\/2023\/09\/IMG_6784-200x150.jpeg 200w, https:\/\/karinecottin.com\/wp-content\/uploads\/2023\/09\/IMG_6784-400x300.jpeg 400w, https:\/\/karinecottin.com\/wp-content\/uploads\/2023\/09\/IMG_6784-600x450.jpeg 600w, https:\/\/karinecottin.com\/wp-content\/uploads\/2023\/09\/IMG_6784-800x600.jpeg 800w, https:\/\/karinecottin.com\/wp-content\/uploads\/2023\/09\/IMG_6784-1200x900.jpeg 1200w\" sizes=\"(max-width: 800px) 100vw, (max-width: 640px) 100vw, 400px\" \/><div class=\"awb-imageframe-caption-container\"><div class=\"awb-imageframe-caption\"><div class=\"awb-imageframe-caption-title\">STEP 3<\/div><\/div><\/div><\/span><\/div><\/div><\/div><div class=\"fusion-layout-column fusion_builder_column fusion-builder-column-6 fusion-flex-column fusion-flex-align-self-stretch\" style=\"--awb-bg-size:cover;--awb-width-large:44.44%;--awb-margin-top-large:0px;--awb-spacing-right-large:0;--awb-margin-bottom-large:20px;--awb-spacing-left-large:0;--awb-width-medium:100%;--awb-order-medium:0;--awb-spacing-right-medium:0;--awb-spacing-left-medium:0;--awb-width-small:100%;--awb-order-small:0;--awb-spacing-right-small:0;--awb-spacing-left-small:0;\"><div class=\"fusion-column-wrapper fusion-column-has-shadow fusion-flex-justify-content-center fusion-content-layout-column\"><div class=\"fusion-text fusion-text-6\" style=\"--awb-font-size:15px;--awb-text-color:var(--awb-color3);--awb-margin-right:20px;--awb-margin-left:20px;--awb-text-font-family:&quot;gelica&quot;;--awb-text-font-style:normal;--awb-text-font-weight:400;\"><p>&gt;<span class=\"Apple-converted-space\"> I<\/span>ntervention de fresques (climat, biodiversit\u00e9, RSE, marketing responsable, atelier 2 tonnes, <span style=\"color: var(--awb-text-color); font-family: var(--awb-text-font-family); font-size: var(--awb-font-size); font-style: var(--awb-text-font-style); letter-spacing: var(--awb-letter-spacing); text-align: var(--awb-content-alignment); text-transform: var(--awb-text-transform); background-color: var(--awb-bg-color-hover);\">innovation \u00e0 impact\u2026) qui permettent de rendre les collaborateurs actifs, de faciliter l\u2019\u00e9change et d\u2019appr\u00e9hender les sujets cl\u00e9s de fa\u00e7on plus vivante et plus exp\u00e9rientielle,<\/span><\/p>\n<\/div><\/div><\/div><\/div><\/div><\/p>\n","protected":false},"excerpt":{"rendered":"","protected":false},"author":1,"featured_media":0,"parent":0,"menu_order":0,"comment_status":"closed","ping_status":"closed","template":"100-width.php","meta":{"footnotes":""},"_links":{"self":[{"href":"https:\/\/karinecottin.com\/index.php\/wp-json\/wp\/v2\/pages\/268"}],"collection":[{"href":"https:\/\/karinecottin.com\/index.php\/wp-json\/wp\/v2\/pages"}],"about":[{"href":"https:\/\/karinecottin.com\/index.php\/wp-json\/wp\/v2\/types\/page"}],"author":[{"embeddable":true,"href":"https:\/\/karinecottin.com\/index.php\/wp-json\/wp\/v2\/users\/1"}],"replies":[{"embeddable":true,"href":"https:\/\/karinecottin.com\/index.php\/wp-json\/wp\/v2\/comments?post=268"}],"version-history":[{"count":20,"href":"https:\/\/karinecottin.com\/index.php\/wp-json\/wp\/v2\/pages\/268\/revisions"}],"predecessor-version":[{"id":549,"href":"https:\/\/karinecottin.com\/index.php\/wp-json\/wp\/v2\/pages\/268\/revisions\/549"}],"wp:attachment":[{"href":"https:\/\/karinecottin.com\/index.php\/wp-json\/wp\/v2\/media?parent=268"}],"curies":[{"name":"wp","href":"https:\/\/api.w.org\/{rel}","templated":true}]}}